{"id":3317,"date":"2025-07-04T09:16:43","date_gmt":"2025-07-04T06:16:43","guid":{"rendered":"https:\/\/om.bumbierkoks.eu\/about-us\/"},"modified":"2026-03-19T16:33:06","modified_gmt":"2026-03-19T14:33:06","slug":"about-us","status":"publish","type":"page","link":"https:\/\/ogresmuzejs.lv\/en\/about-us\/","title":{"rendered":"About Us"},"content":{"rendered":"<div class=\"container section-title-container\" ><h1 class=\"section-title section-title-normal\"><b aria-hidden=\"true\"><\/b><span class=\"section-title-main\" >ABOUT US<\/span><b aria-hidden=\"true\"><\/b><\/h1><\/div>\n<div class=\"row align-right\"  id=\"row-24722037\">\n\n\t<div id=\"col-418255111\" class=\"col medium-8 small-12 large-8\"  >\n\t\t\t\t<div class=\"col-inner text-center\"  >\n\t\t\t\n\t\t\t\n\t<div id=\"text-2993579488\" class=\"text\">\n\t\t\n<p class=\"lead\">OGRES V\u0112STURES UN M\u0100KSLAS MUZEJAM IR B\u016aTISKI VEICIN\u0100T DIALOGU STARP PAG\u0100TNI, TAGADNI UN N\u0100KOTNI, CAUR M\u0100KSLU MEKL\u0112T SAIKNI AR CILV\u0112KU, NOVADU UN \u0160ODIENU.<\/p>\n\t\t\n<style>\n#text-2993579488 {\n  text-align: left;\n}\n<\/style>\n\t<\/div>\n\t\n\t\t<\/div>\n\t\t\t\t\t<\/div>\n\n\t\n<\/div>\n<span class=\"scroll-to\" data-label=\"Scroll to: #museum-mission\" data-bullet=\"true\" data-link=\"#museum-mission\" data-title=\"Museum Mission\"><a name=\"museum-mission\"><\/a><\/span>\n<div class=\"row\"  id=\"row-653660589\">\n\n\t<div id=\"col-506747075\" class=\"col medium-4 small-12 large-4\"  >\n\t\t\t\t<div class=\"col-inner\"  >\n\t\t\t\n\t\t\t\n<div class=\"container section-title-container\" ><h3 class=\"section-title section-title-bold\"><b aria-hidden=\"true\"><\/b><span class=\"section-title-main\" >MUSEUM MISSION<\/span><b aria-hidden=\"true\"><\/b><\/h3><\/div>\n\t\t<\/div>\n\t\t\t\t\t<\/div>\n\n\t\n\n\t<div id=\"col-1193272024\" class=\"col medium-8 small-12 large-8\"  >\n\t\t\t\t<div class=\"col-inner\"  >\n\t\t\t\n\t\t\t\n<p>Muzeja misija ir b\u016bt par sabiedr\u012bbai pieejamu p\u0113tniecisku un izgl\u012btojo\u0161u iest\u0101di, kuras uzdevums ir izzin\u0101t Ogres novada v\u0113sturi, izgl\u012btot sabiedr\u012bbu, it \u012bpa\u0161i jaunatni. Tikpat svar\u012bgs ir uzdevums kr\u0101t, dar\u012bt paz\u012bstamu un n\u0101kamaj\u0101m paaudz\u0113m saglab\u0101t Ogres novada v\u0113stures un kult\u016bras materi\u0101lo un nemateri\u0101lo mantojumu no vissen\u0101kajiem laikiem l\u012bdz m\u016bsdien\u0101m.<\/p>\n<p>Muzejs akcent\u0113 m\u016bsu novadam rakstur\u012bgo kult\u016brmantojumu, izce\u013cot t\u0101 unikalit\u0101ti. Kr\u0101jum\u0101 un izst\u0101d\u0113s iestr\u0101d\u0101jot zin\u0101tnisko un m\u0101ksliniecisko perspekt\u012bvu, tiek veidots daudzpus\u012bgs, laikmet\u012bgs novada v\u0113stures atspogu\u013cojums.<br \/>\nOgres V\u0113stures un m\u0101kslas muzejs ir pieejams apmekl\u0113t\u0101jiem un person\u0101m ar \u012bpa\u0161\u0101m vajadz\u012bb\u0101m, t\u0101 ir draudz\u012bga un iek\u013caujo\u0161a kult\u016bras telpa. Ikviens taj\u0101 ir gaid\u012bts, ieraudz\u012bts un sadzird\u0113ts.<\/p>\n<p>Ogres novad\u0101 satiekas daba, cilv\u0113ks un kult\u016bra. M\u0113s to r\u0101d\u0101m muzej\u0101, att\u012bstot un veidojot daudzveid\u012bgas programmas.<\/p>\n<p>Muzejam ir divas \u0113kas Ogr\u0113 \u2014 Br\u012bv\u012bbas iel\u0101 36 un Br\u012bv\u012bbas iel\u0101 2.<\/p>\n\t\t<\/div>\n\t\t\t\t\t<\/div>\n\n\t\n<\/div>\n<span class=\"scroll-to\" data-label=\"Scroll to: #history\" data-bullet=\"true\" data-link=\"#history\" data-title=\"History\"><a name=\"history\"><\/a><\/span>\n<div class=\"row\"  id=\"row-313188577\">\n\n\t<div id=\"col-1384923383\" class=\"col medium-4 small-12 large-4\"  >\n\t\t\t\t<div class=\"col-inner\"  >\n\t\t\t\n\t\t\t\n<div class=\"container section-title-container\" ><h3 class=\"section-title section-title-bold\"><b aria-hidden=\"true\"><\/b><span class=\"section-title-main\" >History<\/span><b aria-hidden=\"true\"><\/b><\/h3><\/div>\n\t\t<\/div>\n\t\t\t\t\t<\/div>\n\n\t\n\n\t<div id=\"col-547570544\" class=\"col medium-8 small-12 large-8\"  >\n\t\t\t\t<div class=\"col-inner\"  >\n\t\t\t\n\t\t\t\n<h3>Muzeja dibin\u0101\u0161ana<\/h3>\n<p>Nepiecie\u0161am\u012bba Ogr\u0113 dibin\u0101t muzeju pirmoreiz formul\u0113ta 1980. gada 23. oktobr\u012b Ogres rajona Tautas deput\u0101tu padomes pie\u0146emtaj\u0101 l\u0113mum\u0101 Nr. 231 \u201cPar muzeja organiz\u0113\u0161anu Ogr\u0113\u201d. Taj\u0101 teikts: \u201cPavisam rajon\u0101 ir sav\u0101kti 5,5 t\u016bksto\u0161i muzejisku vien\u012bbu, kas st\u0101sta par rajona v\u0113sturi un novada kult\u016bras darbiniekiem. Uz \u0161\u012b materi\u0101la pamata ir iesp\u0113jams izveidot past\u0101v\u012bgu zin\u0101tnisko ekspoz\u012bciju, kas atspogu\u013cotu rajona v\u0113sturiskos notikumus, padomju laik\u0101 g\u016btos sasniegumus.\u201d Atsaucoties uz \u0161o dokumentu, 1981. gada 12. maij\u0101 Latvijas PSR Komunistisk\u0101s partijas Centr\u0101l\u0101 Komiteja un LPSR Ministru Padome pie\u0146\u0113ma l\u0113mumu Nr. 269 \u201cPar Ogres V\u0113stures un m\u0101kslas muzeja izveido\u0161anu\u201d. Muzeja dibin\u0101\u0161anas datums ir 1981. gada 1. j\u016blijs.<\/p>\n<h3>Muzeja kr\u0101juma komplekt\u0113\u0161ana un p\u0113tniec\u012bba<\/h3>\n<p>Ar LPSR Kult\u016bras ministrijas 09.12.1981. pav\u0113li Nr. 651 \u201cPar ekspon\u0101tu nodo\u0161anu past\u0101v\u012bg\u0101 glab\u0101\u0161an\u0101\u201d aizs\u0101k\u0101s muzeja kr\u0101juma komplekt\u0113\u0161ana, kad Aizkraukles (tolaik \u2014 Stu\u010dkas) muzejs jaunizveidotajam Ogres V\u0113stures un m\u0101kslas muzejam nodeva 459 ekspon\u0101tus par Ogres rajona v\u0113sturi. Pie\u0146emto ekspon\u0101tu vid\u016b ir gan rajona kult\u016bras, sabiedrisko dz\u012bvi un novadniekus dokument\u0113jo\u0161i materi\u0101li (piem\u0113ram, foto no P\u0101rogres dzelzce\u013ca stacijas atkl\u0101\u0161anas 1931. gad\u0101), gan padomju laika \u201coblig\u0101tais\u201d piejaukums: sarkanarmie\u0161a gr\u0101mati\u0146a, karav\u012bra bikses, bl\u016bze, katli\u0146\u0161, ar\u012b k\u0101da korejie\u0161u karav\u012bra fotogr\u0101fija no vi\u0146a dienesta vietas pie \u0136\u012bnas un Mand\u017e\u016brijas robe\u017eas 1945. gad\u0101. Tom\u0113r par vienu no muzeja kr\u0101juma komplekt\u0113\u0161anas galvenajiem virzieniem k\u013cuva kult\u016brv\u0113sturisku liec\u012bbu v\u0101k\u0161ana par Ogri un Ogres rajona apdz\u012bvotaj\u0101m viet\u0101m.<\/p>\n<p>Pirmo izst\u0101di muzej\u0101 atkl\u0101ja 1982. gada 10. j\u016blij\u0101, un taj\u0101 bija skat\u0101mi m\u0101kslinieces Rasmas Za\u0137es plak\u0101ti un Tautas Lieti\u0161\u0137\u0101s m\u0101kslas studijas \u201cSaiva\u201d dal\u012bbnieku darbi. Kop\u0161 t\u0101 laika muzej\u0101 regul\u0101ri tiek veidotas m\u0101kslas un tematisk\u0101s izst\u0101des.<\/p>\n<p>XX gadsimta 80. gadu otraj\u0101 pus\u0113 muzejs aizvien m\u0113r\u0137tiec\u012bg\u0101k s\u0101ka piev\u0113rsties Ogres k\u016brorta izp\u0113tei \u2014 tika v\u0101kti materi\u0101li par Ogres v\u0113sturisko apb\u016bvi, vasarn\u012bc\u0101m un to \u012bpa\u0161niekiem, pierakst\u012btas atmi\u0146as, veidotas izst\u0101des, organiz\u0113tas tik\u0161an\u0101s, tematiski sar\u012bkojumi. \u0160is darbs turpin\u0101j\u0101s ar\u012b devi\u0146desmitajos gados. L\u012bdztekus pils\u0113tas v\u0113stures izp\u0113tei tika apzin\u0101ta ar\u012b Ogres rajona kult\u016brv\u0113sture \u2014 arheolo\u0123ijas pieminek\u013ci, skolu v\u0113sture, bazn\u012bcas, mui\u017eas, parki, krogi, dz\u012bvojam\u0101s un saimniec\u012bbas \u0113kas, person\u012bbas. Muzej\u0101 ir uzkr\u0101ts bag\u0101t\u012bgs rajona kult\u016brv\u0113stures izp\u0113tes materi\u0101ls. Uz t\u0101 b\u0101zes top izst\u0101des, publik\u0101cijas, lekcijas, tik\u0161an\u0101s, tematiski sar\u012bkojumi, poligr\u0101fiski izdevumi.<\/p>\n<h3>Muzeja \u0113ka \u2014 no bankas l\u012bdz muzejam<\/h3>\n<p>Kop\u0161 muzeja dibin\u0101\u0161anas br\u012b\u017ea 1981. gad\u0101 l\u012bdz 2009. gadam muzejs atrad\u0101s Kalna prospekt\u0101 3\u00a0\u2014 skaist\u0101 Teodora Hermanovska projekt\u0113t\u0101 vasarn\u012bc\u0101. 2009. gada nogal\u0113 muzejs bija spiests p\u0101rcelties uz sav\u0101m pagaidu m\u0101j\u0101m \u2014 Ogres Kult\u016bras centra telp\u0101m. Tur muzejs darboj\u0101s l\u012bdz 2016. gadam, kad pa\u0161vald\u012bba ieg\u0101d\u0101j\u0101s un muzeja vajadz\u012bb\u0101m piel\u0101goja \u0113ku Br\u012bv\u012bbas iel\u0101 36.<\/p>\n<p>\u0112k\u0101, kur\u0101 patlaban atrodas Ogres V\u0113stures un m\u0101kslas muzejs, savulaik bijusi PSRS Valsts bankas Ogres noda\u013ca. Bankas celtniec\u012bbai apb\u016bves gabals pie\u0161\u0137irts 1966. gad\u0101. Taj\u0101 laik\u0101 uz zemes atrad\u0101s ar\u012b XIX gs. 20. gados celta koka divst\u0101vu \u0113ka, ko bija paredz\u0113ts nojaukt. \u0112kas v\u0113stures dokument\u0101cij\u0101 min\u0113ts, ka t\u0101 nojaucama \u201cuz Ogres rajona Sadz\u012bves pakalpojumu kombin\u0101ta r\u0113\u0137ina, par cik min\u0113t\u0101 \u0113ka atrodas kombin\u0101ta bilanc\u0113\u201d.<\/p>\n<p>Bankas \u0113ka celta p\u0113c biju\u0161\u0101s PSRS valsts banku sist\u0113mas tipveida projekta Nr. 264-23-2, ko Ogres bankai piem\u0113roja Latvijas kolhozu projekt\u0113\u0161anas instit\u016bta \u201cLatkolhozprojekt\u201d R\u012bgas noda\u013ca. PSRS Valsts bankas Ogres noda\u013cas \u0113ka ar kr\u0101jkasi ekspluat\u0101cij\u0101 tika nodota 1970. gada nogal\u0113. Tur str\u0101d\u0101ja ap 30 cilv\u0113ku liels kolekt\u012bvs, kuri daudzus gadus ik dienas apkalpoja Ogres rajona iedz\u012bvot\u0101jus un iest\u0101des.<\/p>\n<p>1993. gad\u0101 \u0113ka p\u0101rg\u0101ja AS \u201cOgres komercbanka\u201d \u012bpa\u0161um\u0101. Gadu v\u0113l\u0101k ar m\u0113r\u0137i labiek\u0101rtot un moderniz\u0113t bankas telpas tika rekonstru\u0113ts \u0113kas ieejas mezgls un interjers. Bankas ieejas risin\u0101jumos redzami arhitektu centieni moderniz\u0113t monol\u012bto, neizteiksm\u012bgo \u0113kas veidolu. R\u012bgas apgabaltiesa 2007. gad\u0101 akciju sabiedr\u012bbu \u201cOgres komercbanka\u201d atzina par likvid\u0113jamu, bet gadu v\u0113l\u0101k \u0113ku ieg\u0101d\u0101j\u0101s AS \u201cParex banka\u201d (v\u0113l\u0101k AS \u201cCitadele banka\u201d).<\/p>\n<p>2015. gad\u0101 \u0113ku, kas vair\u0101kus gadus st\u0101v\u0113jusi neapdz\u012bvota un neapkurin\u0101ta, muzeja ier\u012bko\u0161anai ieg\u0101d\u0101j\u0101s Ogres novada pa\u0161vald\u012bba. T\u0101 pa\u0161a gada maij\u0101 Muzeju nakt\u012b \u0113ka pirmoreiz tika atv\u0113rta pirmaj\u0101m izst\u0101d\u0113m, koncertiem un Muzeju nakts pas\u0101kumiem.<\/p>\n<p>2016. gad\u0101 notika iek\u0161telpu rekonstrukcija, \u0113ku piem\u0113rojot muzeja vajadz\u012bb\u0101m. No 2017. gada \u0113k\u0101 atrodas Ogres V\u0113stures un m\u0101kslas muzejs.<\/p>\n<h3>Muzeja direktori<\/h3>\n<p>M\u0101ris Zvaigzne: 1981.\u20141984. g.<br \/>\nBaiba R\u012btere: 1984.\u20141987. g.<br \/>\nVladimirs Eihenbaums: 1987.\u20141991. g.<br \/>\nVita Rinkevi\u010da: 1991.\u20141998. g.<br \/>\nAndris Birznieks: 1998.\u20142002. g.<br \/>\nIveta Ruskule: 2002.\u20142015. g.<br \/>\nEvija Smiltniece: 2015.\u20142023. g.<br \/>\nIlze Zari\u0146a: 2023.\u20142024. g.<br \/>\nJ\u0101nis Zi\u0146\u0123\u012btis: kop\u0161 2024. gada 4. novembra<\/p>\n\t\t<\/div>\n\t\t\t\t\t<\/div>\n\n\t\n<\/div>\n<span class=\"scroll-to\" data-label=\"Scroll to: #team\" data-bullet=\"true\" data-link=\"#team\" data-title=\"Team\"><a name=\"team\"><\/a><\/span>\n<div class=\"row\"  id=\"row-948051439\">\n\n\t<div id=\"col-508335159\" class=\"col medium-4 small-12 large-4\"  >\n\t\t\t\t<div class=\"col-inner\"  >\n\t\t\t\n\t\t\t\n<div class=\"container section-title-container\" ><h3 class=\"section-title section-title-bold\"><b aria-hidden=\"true\"><\/b><span class=\"section-title-main\" >Team<\/span><b aria-hidden=\"true\"><\/b><\/h3><\/div>\n\t\t<\/div>\n\t\t\t\t\t<\/div>\n\n\t\n\n\t<div id=\"col-215031811\" class=\"col medium-8 small-12 large-8\"  >\n\t\t\t\t<div class=\"col-inner\"  >\n\t\t\t\n\t\t\t\n<p><strong> J\u0101nis Zi\u0146\u0123\u012btis<\/strong>, Ogres V\u0113stures un m\u0101kslas muzeja direktors, <a href=\"mailto:janis.zingitis@ogresnovads.lv\">janis.zingitis@ogresnovads.lv<\/a><br \/><strong>El\u012bna C\u0113rpa<\/strong>, direktora vietniece att\u012bst\u012bbas un pl\u0101no\u0161anas darb\u0101, <a href=\"mailto:elina.cerpa@ogresnovads.lv\">elina.cerpa@ogresnovads.lv<\/a><br \/><strong>Ona Simenovska<\/strong>, direktora vietniece zin\u0101tniskaj\u0101 darb\u0101, <a href=\"mailto:ona.simenovska@ogresnovads.lv\">ona.simenovska@ogresnovads.lv<\/a><br \/><strong>Agra V\u0101vere<\/strong>, galven\u0101 kr\u0101juma glab\u0101t\u0101ja, <a href=\"mailto:agra.vavere@ogresnovads.lv\">agra.vavere@ogresnovads.lv<\/a><br \/><strong>Voldem\u0101rs Polis<\/strong>, kr\u0101juma glab\u0101t\u0101js, <a href=\"mailto:voldemars.polis@ogresnovads.lv\">voldemars.polis@ogresnovads.lv<\/a><br \/><strong>Inese Dreimane<\/strong>, v\u0113sturniece, <a href=\"mailto:inese.dreimane@ogresnovads.lv\">inese.dreimane@ogresnovads.lv<\/a><br \/><strong>Krist\u012bne Za\u0137\u012bte<\/strong>, v\u0113sturniece, <a href=\"mailto:kristine.zakite@ogresnovads.lv\">kristine.zakite@ogresnovads.lv<\/a><br \/><strong>M\u0101ris Grosbahs<\/strong>, kurators, <a href=\"mailto:maris.grosbahs@ogresnovads.lv\">maris.grosbahs@ogresnovads.lv<\/a><br \/><strong>Laura Tu\u010da<\/strong>, sabiedrisko attiec\u012bbu speci\u0101lists, <a href=\"mailto:laura.tuca@ogresnovads.lv\">laura.tuca@ogresnovads.lv<\/a><br \/><strong>Liena Subati\u0146a-Brazevi\u010da<\/strong>, muzejpedagogs, <a href=\"mailto:liena.subatina@ogresnovads.lv\">liena.subatina@ogresnovads.lv<\/a><br \/><strong>Ritvars Jansons<\/strong>, muzejpedagogs (ekspoz\u012bcija &#8220;Br\u012bv\u012bbas ce\u013c\u0161&#8221;)<br \/><strong>Uldis Veliks<\/strong>, muzejpedagogs (ekspoz\u012bcija &#8220;Br\u012bv\u012bbas ce\u013c\u0161&#8221;), <a href=\"mailto:uldis.veliks@ogresnovads.lv\">uldis.veliks@ogresnovads.lv<\/a><br \/><strong>Gun\u0101rs Rusi\u0146\u0161<\/strong>, gids (ekspoz\u012bcija &#8220;Br\u012bv\u012bbas ce\u013c\u0161&#8221;, ekskursija &#8220;M\u0113s vai vi\u0146i&#8221;), <a href=\"mailto:gunars.rusins@ogresnovads.lv\">gunars.rusins@ogresnovads.lv<\/a><br \/><strong>Ieva \u0160pakovska<\/strong>, administratore, <a href=\"mailto:ieva.spakovska@ogresnovads.lv\">ieva.spakovska@ogresnovads.lv<\/a><br \/><strong>Ansis Zi\u0146\u0123\u012btis<\/strong>, izst\u0101\u017eu un ekspoz\u012bciju z\u0101\u013cu uzraugs, <a href=\"mailto:ansis.zingitis@ogresnovads.lv\">ansis.zingitis@ogresnovads.lv<\/a><br \/><strong>Linda Vanaga<\/strong>, izst\u0101\u017eu un ekspoz\u012bciju z\u0101\u013cu uzraugs, <a href=\"mailto:linda.vanaga@ogresnovads.lv\">linda.vanaga@ogresnovads.lv<\/a><br \/><strong>Nils Mi\u0137elsons<\/strong>, saimniec\u012bbas da\u013cas vad\u012bt\u0101js, <a href=\"mailto:nils.mikelsons@ogresnovads.lv\">nils.mikelsons@ogresnovads.lv<\/a><br \/><strong>Guntars Andersons<\/strong>, izst\u0101\u017eu tehniskais speci\u0101lists un saimniec\u012bbas p\u0101rzinis, <a href=\"mailto:guntars.andersons@ogresnovads.lv\">guntars.andersons@ogresnovads.lv<\/a><\/p>\n\t\t<\/div>\n\t\t\t\t\t<\/div>\n\n\t\n<\/div>\n<span class=\"scroll-to\" data-label=\"Scroll to: #museum-opening-hours\" data-bullet=\"true\" data-link=\"#museum-opening-hours\" data-title=\"Museum Opening Hours\"><a name=\"museum-opening-hours\"><\/a><\/span>\n<div class=\"row\"  id=\"row-1050172992\">\n\n\t<div id=\"col-458643051\" class=\"col medium-4 small-12 large-4\"  >\n\t\t\t\t<div class=\"col-inner\"  >\n\t\t\t\n\t\t\t\n<div class=\"container section-title-container\" ><h3 class=\"section-title section-title-bold\"><b aria-hidden=\"true\"><\/b><span class=\"section-title-main\" >Museum Opening Hours<\/span><b aria-hidden=\"true\"><\/b><\/h3><\/div>\n\t\t<\/div>\n\t\t\t\t\t<\/div>\n\n\t\n\n\t<div id=\"col-469642060\" class=\"col medium-4 small-12 large-4\"  >\n\t\t\t\t<div class=\"col-inner\"  >\n\t\t\t\n\t\t\t\n<h3>Museum Building at Br\u012bv\u012bbas Street 36<\/h3>\n\n<section class=\"museum-hours\" aria-labelledby=\"hours-title\">\n<table class=\"hours-table\">\n<tbody>\n<tr>\n<td>Pirmdiena<\/td>\n<td>sl\u0113gts<\/td>\n<\/tr>\n<tr>\n<td>Otrdiena<\/td>\n<td>10.00\u201317.00<\/td>\n<\/tr>\n<tr>\n<td>Tre\u0161diena<\/td>\n<td>10.00\u201317.00<\/td>\n<\/tr>\n<tr>\n<td>Ceturtdiena<\/td>\n<td>10.00\u201317.00<\/td>\n<\/tr>\n<tr>\n<td>Piektdiena<\/td>\n<td>10.00\u201317.00<\/td>\n<\/tr>\n<tr>\n<td>Sestdiena<\/td>\n<td>12.00\u201316.00<\/td>\n<\/tr>\n<tr>\n<td>Sv\u0113tdiena<\/td>\n<td>12.00\u201316.00<\/td>\n<\/tr>\n<\/tbody>\n<\/table>\n<\/section>\n<style>\n  .museum-hours {<br \/>\n    max-width: 260px;<br \/>\n    font-family: system-ui, -apple-system, \"Segoe UI\", Roboto, Arial, sans-serif;<br \/>\n    font-size: 15px;<br \/>\n  }<br \/>\n  .hours-table {<br \/>\n    width: 100%;<br \/>\n    border-collapse: collapse; \/* lai l\u012bnijas b\u016btu pl\u0101nas un t\u012bras *\/<br \/>\n  }<br \/>\n  .hours-table td {<br \/>\n    padding: 2px 6px;          \/* neliels att\u0101lums starp tekstiem *\/<br \/>\n    border-bottom: 1px solid #ddd; \/* tieva l\u012bnija starp rind\u0101m *\/<br \/>\n    vertical-align: middle;<br \/>\n  }<br \/>\n  .hours-table td:first-child {<br \/>\n    text-align: left;<br \/>\n    white-space: nowrap;<br \/>\n  }<br \/>\n  .hours-table td:last-child {<br \/>\n    text-align: right;<br \/>\n    white-space: nowrap;<br \/>\n  }<br \/>\n<\/style>\n\n\t\t<\/div>\n\t\t\t\t\t<\/div>\n\n\t\n\n\t<div id=\"col-1743536536\" class=\"col medium-4 small-12 large-4\"  >\n\t\t\t\t<div class=\"col-inner\"  >\n\t\t\t\n\t\t\t\n<h3>Museum Building at Br\u012bv\u012bbas Street 2<\/h3>\n\n<section class=\"museum-hours\" aria-labelledby=\"hours-title\">\n<table class=\"hours-table\">\n<tbody>\n<tr>\n<td>Pirmdiena<\/td>\n<td>10.00\u201317.00<\/td>\n<\/tr>\n<tr>\n<td>Otrdiena<\/td>\n<td>sl\u0113gts<\/td>\n<\/tr>\n<tr>\n<td>Tre\u0161diena<\/td>\n<td>10.00\u201317.00<\/td>\n<\/tr>\n<tr>\n<td>Ceturtdiena<\/td>\n<td>10.00\u201317.00<\/td>\n<\/tr>\n<tr>\n<td>Piektdiena<\/td>\n<td>10.00\u201317.00<\/td>\n<\/tr>\n<tr>\n<td>Sestdiena<\/td>\n<td>12.00\u201316.00<\/td>\n<\/tr>\n<tr>\n<td>Sv\u0113tdiena<\/td>\n<td>12.00\u201316.00<\/td>\n<\/tr>\n<\/tbody>\n<\/table>\n<\/section>\n<style>\n  .museum-hours {<br \/>\n    max-width: 260px;<br \/>\n    font-family: system-ui, -apple-system, \"Segoe UI\", Roboto, Arial, sans-serif;<br \/>\n    font-size: 15px;<br \/>\n  }<br \/>\n  .hours-table {<br \/>\n    width: 100%;<br \/>\n    border-collapse: collapse; \/* lai l\u012bnijas b\u016btu pl\u0101nas un t\u012bras *\/<br \/>\n  }<br \/>\n  .hours-table td {<br \/>\n    padding: 2px 6px;          \/* neliels att\u0101lums starp tekstiem *\/<br \/>\n    border-bottom: 1px solid #ddd; \/* tieva l\u012bnija starp rind\u0101m *\/<br \/>\n    vertical-align: middle;<br \/>\n  }<br \/>\n  .hours-table td:first-child {<br \/>\n    text-align: left;<br \/>\n    white-space: nowrap;<br \/>\n  }<br \/>\n  .hours-table td:last-child {<br \/>\n    text-align: right;<br \/>\n    white-space: nowrap;<br \/>\n  }<br \/>\n<\/style>\n\n\t\t<\/div>\n\t\t\t\t\t<\/div>\n\n\t\n<\/div>\n<span class=\"scroll-to\" data-label=\"Scroll to: #documents\" data-bullet=\"true\" data-link=\"#documents\" data-title=\"Documents\"><a name=\"documents\"><\/a><\/span>\n<div class=\"row\"  id=\"row-728705085\">\n\n\t<div id=\"col-102902103\" class=\"col medium-4 small-12 large-4\"  >\n\t\t\t\t<div class=\"col-inner\"  >\n\t\t\t\n\t\t\t\n<div class=\"container section-title-container\" ><h3 class=\"section-title section-title-bold\"><b aria-hidden=\"true\"><\/b><span class=\"section-title-main\" >Documents<\/span><b aria-hidden=\"true\"><\/b><\/h3><\/div>\n\t\t<\/div>\n\t\t\t\t\t<\/div>\n\n\t\n\n\t<div id=\"col-764859951\" class=\"col medium-5 small-12 large-5\"  >\n\t\t\t\t<div class=\"col-inner text-left\"  >\n\t\t\t\n\t\t\t\n\n\t<a class=\"plain\" href=\"https:\/\/ogresmuzejs.lv\/wp-content\/uploads\/2025\/11\/INA_14_Ogres_Vestures_un_makslas_muzeja_nolikums.pdf\" target=\"_blank\" rel=\"noopener\" >\t<div class=\"icon-box featured-box icon-box-left text-left\"  style=\"margin:0px 0px 10px 0px;\">\n\t\t\t\t\t<div class=\"icon-box-img\" style=\"width: 24px\">\n\t\t\t\t<div class=\"icon\">\n\t\t\t\t\t<div class=\"icon-inner\" >\n\t\t\t\t\t\t<img loading=\"lazy\" decoding=\"async\" width=\"1\" height=\"1\" src=\"https:\/\/ogresmuzejs.lv\/wp-content\/uploads\/2025\/11\/dokuments2.svg\" class=\"attachment-medium size-medium\" alt=\"\" \/>\t\t\t\t\t<\/div>\n\t\t\t\t<\/div>\n\t\t\t<\/div>\n\t\t\t\t<div class=\"icon-box-text last-reset\">\n\t\t\t\t\t\t\t\t\t\n<p><strong>Muzeja nolikums<\/strong><\/p>\n\t\t<\/div>\n\t<\/div>\n\t<\/a>\n\t\n\n\t<a class=\"plain\" href=\"https:\/\/ogresmuzejs.lv\/wp-content\/uploads\/2025\/11\/Nr_1-7_1_2025.pdf\" target=\"_blank\" rel=\"noopener\" >\t<div class=\"icon-box featured-box icon-box-left text-left\"  >\n\t\t\t\t\t<div class=\"icon-box-img\" style=\"width: 24px\">\n\t\t\t\t<div class=\"icon\">\n\t\t\t\t\t<div class=\"icon-inner\" >\n\t\t\t\t\t\t<img loading=\"lazy\" decoding=\"async\" width=\"1\" height=\"1\" src=\"https:\/\/ogresmuzejs.lv\/wp-content\/uploads\/2025\/11\/dokuments2.svg\" class=\"attachment-medium size-medium\" alt=\"\" \/>\t\t\t\t\t<\/div>\n\t\t\t\t<\/div>\n\t\t\t<\/div>\n\t\t\t\t<div class=\"icon-box-text last-reset\">\n\t\t\t\t\t\t\t\t\t\n<p><strong>Iek\u0161\u0113jie k\u0101rt\u012bbas noteikumi apmekl\u0113t\u0101jiem<\/strong><\/p>\n\t\t<\/div>\n\t<\/div>\n\t<\/a>\n\t\n\t\t<\/div>\n\t\t\t\t\t<\/div>\n\n\t\n<\/div>\n<span class=\"scroll-to\" data-label=\"Scroll to: #contacts\" data-bullet=\"true\" data-link=\"#contacts\" data-title=\"Contacts\"><a name=\"contacts\"><\/a><\/span>\n<div class=\"row\"  id=\"row-55041429\">\n\n\t<div id=\"col-1064222649\" class=\"col medium-4 small-12 large-4\"  >\n\t\t\t\t<div class=\"col-inner\"  >\n\t\t\t\n\t\t\t\n<div class=\"container section-title-container\" ><h3 class=\"section-title section-title-bold\"><b aria-hidden=\"true\"><\/b><span class=\"section-title-main\" >Contacts<\/span><b aria-hidden=\"true\"><\/b><\/h3><\/div>\n\t\t<\/div>\n\t\t\t\t\t<\/div>\n\n\t\n\n\t<div id=\"col-1267610448\" class=\"col medium-4 small-12 large-4\"  >\n\t\t\t\t<div class=\"col-inner\"  >\n\t\t\t\n\t\t\t\n<p><strong>Ogre, Br\u012bv\u012bbas iela 36, LV-5001<\/strong><br \/>\nE-pasts: <a href=\"mailto:ogresmuzejs@ogresnovads.lv\">ogresmuzejs@ogresnovads.lv<\/a><br \/>\nT\u0101lr.: +371 65024345<\/p>\n\n<p><iframe loading=\"lazy\" style=\"border: 0;\" src=\"https:\/\/www.google.com\/maps\/embed?pb=!1m18!1m12!1m3!1d2183.6395400628394!2d24.60353621335322!3d56.81781640935028!2m3!1f0!2f0!3f0!3m2!1i1024!2i768!4f13.1!3m3!1m2!1s0x46e92542b42e3e61%3A0xb9d4b93e45849c00!2sBr%C4%ABv%C4%ABbas%20iela%2036%2C%20Ogre%2C%20Ogres%20pils%C4%93ta%2C%20Ogres%20novads%2C%20LV-5001!5e0!3m2!1slv!2slv!4v1759989935067!5m2!1slv!2slv\" width=\"600\" height=\"300\" allowfullscreen=\"allowfullscreen\"><\/iframe><br \/>\n\n\t\t<\/div>\n\t\t\t\t\t<\/div>\n\n\t\n\n\t<div id=\"col-2128864380\" class=\"col medium-4 small-12 large-4\"  >\n\t\t\t\t<div class=\"col-inner\"  >\n\t\t\t\n\t\t\t\n<p><strong>Ogre, Br\u012bv\u012bbas iela 2, LV-5001<\/strong><br \/>E-pasts: <a href=\"mailto:ogresmuzejs@ogresnovads.lv\">ogresmuzejs@ogresnovads.lv<\/a><br \/>T\u0101lr.: +371 65022598 ; <a href=\"tel:+371 65022598\">+371 20283699<\/a><\/p>\n\n<p><iframe loading=\"lazy\" style=\"border: 0;\" src=\"https:\/\/www.google.com\/maps\/embed?pb=!1m18!1m12!1m3!1d2183.90853163328!2d24.597948713353098!3d56.813200809710104!2m3!1f0!2f0!3f0!3m2!1i1024!2i768!4f13.1!3m3!1m2!1s0x46e925661f77fe13%3A0xaa7d7f9eab48beb0!2sBr%C4%ABv%C4%ABbas%20iela%202%2C%20Ogre%2C%20Ogres%20pils%C4%93ta%2C%20Ogres%20novads%2C%20LV-5001!5e0!3m2!1slv!2slv!4v1759990052570!5m2!1slv!2slv\" width=\"600\" height=\"300\" allowfullscreen=\"allowfullscreen\"><\/iframe><br \/>\n\n\t\t<\/div>\n\t\t\t\t\t<\/div>\n\n\t\n<\/div>\n","protected":false},"excerpt":{"rendered":"","protected":false},"author":1,"featured_media":0,"parent":0,"menu_order":4,"comment_status":"closed","ping_status":"closed","template":"","meta":{"footnotes":""},"class_list":["post-3317","page","type-page","status-publish","hentry"],"_links":{"self":[{"href":"https:\/\/ogresmuzejs.lv\/en\/wp-json\/wp\/v2\/pages\/3317","targetHints":{"allow":["GET"]}}],"collection":[{"href":"https:\/\/ogresmuzejs.lv\/en\/wp-json\/wp\/v2\/pages"}],"about":[{"href":"https:\/\/ogresmuzejs.lv\/en\/wp-json\/wp\/v2\/types\/page"}],"author":[{"embeddable":true,"href":"https:\/\/ogresmuzejs.lv\/en\/wp-json\/wp\/v2\/users\/1"}],"replies":[{"embeddable":true,"href":"https:\/\/ogresmuzejs.lv\/en\/wp-json\/wp\/v2\/comments?post=3317"}],"version-history":[{"count":35,"href":"https:\/\/ogresmuzejs.lv\/en\/wp-json\/wp\/v2\/pages\/3317\/revisions"}],"predecessor-version":[{"id":7069,"href":"https:\/\/ogresmuzejs.lv\/en\/wp-json\/wp\/v2\/pages\/3317\/revisions\/7069"}],"wp:attachment":[{"href":"https:\/\/ogresmuzejs.lv\/en\/wp-json\/wp\/v2\/media?parent=3317"}],"curies":[{"name":"wp","href":"https:\/\/api.w.org\/{rel}","templated":true}]}}