{"id":2425,"date":"2025-07-04T09:19:05","date_gmt":"2025-07-04T06:19:05","guid":{"rendered":"https:\/\/om.bumbierkoks.eu\/price-list\/"},"modified":"2026-02-04T19:38:00","modified_gmt":"2026-02-04T17:38:00","slug":"price-list","status":"publish","type":"page","link":"https:\/\/ogresmuzejs.lv\/en\/price-list\/","title":{"rendered":"Price List"},"content":{"rendered":"<div class=\"container section-title-container\" ><h1 class=\"section-title section-title-normal\"><b aria-hidden=\"true\"><\/b><span class=\"section-title-main\" >Price List<\/span><b aria-hidden=\"true\"><\/b><\/h1><\/div>\n<div class=\"row\"  id=\"row-44882607\">\n\n\t<div id=\"col-1454613357\" class=\"col medium-4 small-12 large-4\"  >\n\t\t\t\t<div class=\"col-inner\"  >\n\t\t\t\n\t\t\t\n<div class=\"container section-title-container\" ><h3 class=\"section-title section-title-bold\"><b aria-hidden=\"true\"><\/b><span class=\"section-title-main\" >Museum Admission<\/span><b aria-hidden=\"true\"><\/b><\/h3><\/div>\n\t\t<\/div>\n\t\t\t\t\t<\/div>\n\n\t\n\n\t<div id=\"col-862303193\" class=\"col medium-8 small-12 large-8\"  >\n\t\t\t\t<div class=\"col-inner\"  >\n\t\t\t\n\t\t\t\n\n<section class=\"ticket-prices\" aria-labelledby=\"prices-title\">\n<table class=\"price-table\">\n<tr>\n<th colspan=\"2\">Adults<\/th>\n<\/tr>\n<tr>\n<td>Adults<\/td>\n<td>\u20ac2.50<\/td>\n<\/tr>\n<tr>\n<td>Adults (combined ticket \u2013 Br\u012bv\u012bbas 36 and Br\u012bv\u012bbas 2)<\/td>\n<td>\u20ac4.00<\/td>\n<\/tr>\n<tr>\n<th colspan=\"2\">Students, seniors<\/th>\n<\/tr>\n<tr>\n<td>Students, seniors<\/td>\n<td>\u20ac1.00<\/td>\n<\/tr>\n<tr>\n<td>Students, seniors (combined ticket &#8211; Br\u012bv\u012bbas 36 and Br\u012bv\u012bbas 2)<\/td>\n<td>\u20ac1.50<\/td>\n<\/tr>\n<tr>\n<th colspan=\"2\">Honor Family<\/th>\n<\/tr>\n<tr>\n<td>Honor Family<\/td>\n<td>\u20ac5.00<\/td>\n<\/tr>\n<tr>\n<td>Honor Family (combined ticket &#8211; Br\u012bv\u012bbas 36 and Br\u012bv\u012bbas 2)<\/td>\n<td>\u20ac6.00<\/td>\n<\/tr>\n<tr>\n<th colspan=\"2\">Additional Information<\/th>\n<\/tr>\n<tr>\n<td>With an Ogre Resident Card<\/td>\n<td>Free<\/td>\n<\/tr>\n<tr>\n      Preschool Children, Persons with Disabilities (Group I or II)<\/p>\n<td><\/td>\n<td>Free<\/td>\n<\/tr>\n<\/table>\n<\/section>\n\n\t\t<\/div>\n\t\t\t\t\t<\/div>\n\n\t\n<\/div>\n<div class=\"row\"  id=\"row-1607904138\">\n\n\t<div id=\"col-897454581\" class=\"col medium-4 small-12 large-4\"  >\n\t\t\t\t<div class=\"col-inner\"  >\n\t\t\t\n\t\t\t\n<div class=\"container section-title-container\" ><h3 class=\"section-title section-title-bold\"><b aria-hidden=\"true\"><\/b><span class=\"section-title-main\" >Museum Tour<\/span><b aria-hidden=\"true\"><\/b><\/h3><\/div>\n\t\t<\/div>\n\t\t\t\t\t<\/div>\n\n\t\n\n\t<div id=\"col-568791640\" class=\"col medium-8 small-12 large-8\"  >\n\t\t\t\t<div class=\"col-inner\"  >\n\t\t\t\n\t\t\t\n\n<section class=\"guided-tours\" aria-labelledby=\"tours-title\">\n<table class=\"price-table\">\n<tr>\n<th colspan=\"2\">Individual or group of up to 30 people<\/th>\n<\/tr>\n<tr>\n<td>In Latvian<\/td>\n<td>\u20ac15<\/td>\n<\/tr>\n<tr>\n<td>+ \u20ac0.50 admission fee per person<\/td>\n<td><\/td>\n<\/tr>\n<tr>\n<td>In English<\/td>\n<td>\u20ac20<\/td>\n<\/tr>\n<tr>\n<td>+ \u20ac0.50 admission fee per person<\/td>\n<td><\/td>\n<\/tr>\n<\/table>\n<\/section>\n\n\t\t<\/div>\n\t\t\t\t\t<\/div>\n\n\t\n<\/div>\n\n<div class=\"row\"  id=\"row-1028719290\">\n\n\t<div id=\"col-301385943\" class=\"col medium-4 small-12 large-4\"  >\n\t\t\t\t<div class=\"col-inner\"  >\n\t\t\t\n\t\t\t\n<div class=\"container section-title-container\" ><h3 class=\"section-title section-title-bold\"><b aria-hidden=\"true\"><\/b><span class=\"section-title-main\" >Payment by Bank Transfer<\/span><b aria-hidden=\"true\"><\/b><\/h3><\/div>\n\t\t<\/div>\n\t\t\t\t\t<\/div>\n\n\t\n\n\t<div id=\"col-1736544937\" class=\"col medium-8 small-12 large-8\"  >\n\t\t\t\t<div class=\"col-inner\"  >\n\t\t\t\n\t\t\t\n<p>Payments for exhibition visits or guided tours may be made by bank transfer using the museum\u2019s bank details.<\/p>\n<p>For bank transfers, please send your request to the museum&#8217;s email address, <a href=\"mailto:ogresmuzejs@ogresnovads.lv\">ogresmuzejs@ogresnovads.lv,<\/a> no later than <strong>five days before your visit<\/strong>.<br \/>Please include:<br \/>\u2013 payer details (name, registration number, legal address, postal code, and bank account number);<br \/>\u2013 contact information (phone number and email address);<br \/>\u2013 number of visitors;<br \/>\u2013 purpose of the visit (for example, guided tour, exhibition visit, or permanent exhibition visit).<\/p>\n<a href=\"https:\/\/ogresmuzejs.lv\/wp-content\/uploads\/2025\/10\/VEIDLAPA_maksajums_rekviziti.docx\" target=\"_blank\" class=\"button primary is-outline lowercase\" rel=\"noopener\" >\n\t\t<span>FORM docx<\/span>\n\t<i class=\"icon-angle-right\" aria-hidden=\"true\"><\/i><\/a>\n\n\t\t<\/div>\n\t\t\t\t\t<\/div>\n\n\t\n<\/div>\n<div class=\"row\"  id=\"row-1699754763\">\n\n\t<div id=\"col-1254854332\" class=\"col medium-4 small-12 large-4\"  >\n\t\t\t\t<div class=\"col-inner\"  >\n\t\t\t\n\t\t\t\n<div class=\"container section-title-container\" ><h3 class=\"section-title section-title-bold\"><b aria-hidden=\"true\"><\/b><span class=\"section-title-main\" >Other Prices<\/span><b aria-hidden=\"true\"><\/b><\/h3><\/div>\n\t\t<\/div>\n\t\t\t\t\t<\/div>\n\n\t\n\n\t<div id=\"col-667147221\" class=\"col medium-8 small-12 large-8\"  >\n\t\t\t\t<div class=\"col-inner\"  >\n\t\t\t\n\t\t\t\n<p>Other prices and museum services can be viewed in the attached document.<\/p>\n<a href=\"https:\/\/ogresmuzejs.lv\/wp-content\/uploads\/2025\/10\/OVMM_Cenradis.pdf\" target=\"_blank\" class=\"button primary is-outline lowercase\" rel=\"noopener\" >\n\t\t<span>MUSEUM SERVICES PRICE LIST pdf<\/span>\n\t<i class=\"icon-angle-right\" aria-hidden=\"true\"><\/i><\/a>\n\n\t\t<\/div>\n\t\t\t\t\t<\/div>\n\n\t\n<\/div>\n","protected":false},"excerpt":{"rendered":"","protected":false},"author":1,"featured_media":0,"parent":0,"menu_order":3,"comment_status":"closed","ping_status":"closed","template":"","meta":{"footnotes":""},"class_list":["post-2425","page","type-page","status-publish","hentry"],"_links":{"self":[{"href":"https:\/\/ogresmuzejs.lv\/en\/wp-json\/wp\/v2\/pages\/2425","targetHints":{"allow":["GET"]}}],"collection":[{"href":"https:\/\/ogresmuzejs.lv\/en\/wp-json\/wp\/v2\/pages"}],"about":[{"href":"https:\/\/ogresmuzejs.lv\/en\/wp-json\/wp\/v2\/types\/page"}],"author":[{"embeddable":true,"href":"https:\/\/ogresmuzejs.lv\/en\/wp-json\/wp\/v2\/users\/1"}],"replies":[{"embeddable":true,"href":"https:\/\/ogresmuzejs.lv\/en\/wp-json\/wp\/v2\/comments?post=2425"}],"version-history":[{"count":5,"href":"https:\/\/ogresmuzejs.lv\/en\/wp-json\/wp\/v2\/pages\/2425\/revisions"}],"predecessor-version":[{"id":5581,"href":"https:\/\/ogresmuzejs.lv\/en\/wp-json\/wp\/v2\/pages\/2425\/revisions\/5581"}],"wp:attachment":[{"href":"https:\/\/ogresmuzejs.lv\/en\/wp-json\/wp\/v2\/media?parent=2425"}],"curies":[{"name":"wp","href":"https:\/\/api.w.org\/{rel}","templated":true}]}}